{"id":53,"date":"2016-02-14T11:00:57","date_gmt":"2016-02-14T10:00:57","guid":{"rendered":"http:\/\/www.oldtimerclub-rottenbach.at\/wp\/?page_id=53"},"modified":"2016-03-18T20:03:17","modified_gmt":"2016-03-18T19:03:17","slug":"wie-es-begann","status":"publish","type":"page","link":"http:\/\/www.oldtimerclub-rottenbach.at\/wp\/?page_id=53","title":{"rendered":"Entstehung"},"content":{"rendered":"<p>[et_pb_section admin_label=&#8220;section&#8220; transparent_background=&#8220;off&#8220; allow_player_pause=&#8220;off&#8220; inner_shadow=&#8220;on&#8220; parallax=&#8220;off&#8220; parallax_method=&#8220;off&#8220; padding_mobile=&#8220;off&#8220; make_fullwidth=&#8220;off&#8220; use_custom_width=&#8220;off&#8220; width_unit=&#8220;on&#8220; make_equal=&#8220;off&#8220; use_custom_gutter=&#8220;off&#8220;][et_pb_row admin_label=&#8220;row&#8220; make_fullwidth=&#8220;off&#8220; use_custom_width=&#8220;off&#8220; width_unit=&#8220;on&#8220; use_custom_gutter=&#8220;off&#8220; padding_mobile=&#8220;off&#8220; allow_player_pause=&#8220;off&#8220; parallax=&#8220;off&#8220; parallax_method=&#8220;off&#8220; make_equal=&#8220;off&#8220; parallax_1=&#8220;off&#8220; parallax_method_1=&#8220;off&#8220; column_padding_mobile=&#8220;on&#8220;][et_pb_column type=&#8220;4_4&#8243;][et_pb_post_title admin_label=&#8220;Posttitel &#8211; Automatisierte \u00dcberschrift des Seitennamens&#8220; title=&#8220;on&#8220; meta=&#8220;off&#8220; author=&#8220;on&#8220; date=&#8220;on&#8220; categories=&#8220;on&#8220; comments=&#8220;on&#8220; featured_image=&#8220;off&#8220; featured_placement=&#8220;below&#8220; parallax_effect=&#8220;on&#8220; parallax_method=&#8220;on&#8220; text_orientation=&#8220;left&#8220; text_color=&#8220;dark&#8220; text_background=&#8220;off&#8220; text_bg_color=&#8220;rgba(255,255,255,0.9)&#8220; module_bg_color=&#8220;rgba(255,255,255,0)&#8220; title_all_caps=&#8220;off&#8220; use_border_color=&#8220;off&#8220; border_color=&#8220;#ffffff&#8220; border_style=&#8220;solid&#8220;] [\/et_pb_post_title][\/et_pb_column][\/et_pb_row][\/et_pb_section][et_pb_section admin_label=&#8220;Sektion&#8220; fullwidth=&#8220;on&#8220; specialty=&#8220;off&#8220; transparent_background=&#8220;off&#8220; allow_player_pause=&#8220;off&#8220; inner_shadow=&#8220;off&#8220; parallax=&#8220;off&#8220; parallax_method=&#8220;off&#8220; padding_mobile=&#8220;off&#8220; make_fullwidth=&#8220;off&#8220; use_custom_width=&#8220;off&#8220; width_unit=&#8220;on&#8220; make_equal=&#8220;off&#8220; use_custom_gutter=&#8220;off&#8220;][et_pb_fullwidth_slider admin_label=&#8220;Vollbreiter Slider &#8211; Foto im Header&#8220; show_arrows=&#8220;on&#8220; show_pagination=&#8220;on&#8220; auto=&#8220;on&#8220; auto_ignore_hover=&#8220;off&#8220; parallax=&#8220;off&#8220; parallax_method=&#8220;on&#8220; remove_inner_shadow=&#8220;off&#8220; background_position=&#8220;default&#8220; background_size=&#8220;default&#8220; hide_content_on_mobile=&#8220;off&#8220; hide_cta_on_mobile=&#8220;off&#8220; show_image_video_mobile=&#8220;off&#8220; custom_button=&#8220;off&#8220; button_letter_spacing=&#8220;0&#8243; button_use_icon=&#8220;default&#8220; button_icon_placement=&#8220;right&#8220; button_on_hover=&#8220;on&#8220; button_letter_spacing_hover=&#8220;0&#8243; auto_speed=&#8220;6500&#8243;] [et_pb_slide background_position=&#8220;default&#8220; background_size=&#8220;default&#8220; background_color=&#8220;#ffffff&#8220; use_bg_overlay=&#8220;off&#8220; use_text_overlay=&#8220;off&#8220; alignment=&#8220;center&#8220; background_layout=&#8220;dark&#8220; allow_player_pause=&#8220;off&#8220; text_border_radius=&#8220;3&#8243; header_font_select=&#8220;default&#8220; header_font=&#8220;||||&#8220; body_font_select=&#8220;default&#8220; body_font=&#8220;||||&#8220; custom_button=&#8220;off&#8220; button_font_select=&#8220;default&#8220; button_font=&#8220;||||&#8220; button_use_icon=&#8220;default&#8220; button_icon_placement=&#8220;right&#8220; button_on_hover=&#8220;on&#8220; background_image=&#8220;http:\/\/www.oldtimerclub-rottenbach.at\/wp\/wp-content\/uploads\/2016\/02\/AMTC_GemeindeRottenbach_FordsonMajor.jpg&#8220; bg_overlay_color=&#8220;rgba(220,177,0,0.5)&#8220;] [\/et_pb_slide] [\/et_pb_fullwidth_slider][\/et_pb_section][et_pb_section admin_label=&#8220;Sektion&#8220; fullwidth=&#8220;off&#8220; specialty=&#8220;off&#8220; transparent_background=&#8220;off&#8220; allow_player_pause=&#8220;off&#8220; inner_shadow=&#8220;off&#8220; parallax=&#8220;off&#8220; parallax_method=&#8220;off&#8220; padding_mobile=&#8220;off&#8220; make_fullwidth=&#8220;off&#8220; use_custom_width=&#8220;off&#8220; width_unit=&#8220;on&#8220; make_equal=&#8220;off&#8220; use_custom_gutter=&#8220;off&#8220;][et_pb_row admin_label=&#8220;Zeile&#8220; make_fullwidth=&#8220;off&#8220; use_custom_width=&#8220;off&#8220; width_unit=&#8220;on&#8220; use_custom_gutter=&#8220;off&#8220; padding_mobile=&#8220;off&#8220; allow_player_pause=&#8220;off&#8220; parallax=&#8220;off&#8220; parallax_method=&#8220;off&#8220; make_equal=&#8220;off&#8220; parallax_1=&#8220;off&#8220; parallax_method_1=&#8220;off&#8220; parallax_2=&#8220;off&#8220; parallax_method_2=&#8220;off&#8220; column_padding_mobile=&#8220;on&#8220; custom_width_percent=&#8220;100%&#8220; gutter_width=&#8220;1&#8243;][et_pb_column type=&#8220;1_2&#8243;][et_pb_blurb admin_label=&#8220;Informationstext &#8211; So begann es&#8220; title=&#8220;So begann es&#8220; url_new_window=&#8220;off&#8220; use_icon=&#8220;on&#8220; icon_color=&#8220;#8b160f&#8220; use_circle=&#8220;off&#8220; circle_color=&#8220;#8b160f&#8220; use_circle_border=&#8220;off&#8220; circle_border_color=&#8220;#8b160f&#8220; icon_placement=&#8220;left&#8220; animation=&#8220;top&#8220; background_layout=&#8220;light&#8220; text_orientation=&#8220;left&#8220; use_icon_font_size=&#8220;off&#8220; use_border_color=&#8220;off&#8220; border_color=&#8220;#ffffff&#8220; border_style=&#8220;solid&#8220; font_icon=&#8220;%%136%%&#8220;]<\/p>\n<p>Wie so oft im Leben ist die Geburtsstunde einer Idee unspektakul\u00e4r. Das heranwachsende Ergebnis hingegen umso faszinierender. So kam es, dass sich im M\u00e4rz 2003 &#8211; im heutigen Clublokal &#8211; Gasthaus Mauernb\u00f6ck die 2 Oldtimer-Besitzer und -Liebhaber (unser aktueller Obmann Josef Schiller und Ehren-Mitglied Erich Starlinger) trafen um Erfahrungen auszutauschen. Nach l\u00e4ngerer Unterhaltung war man sich einig: die Faszination \u201eOldtimer\u201c geh\u00f6rt gef\u00f6rdert und vor allem geteilt. Und wie sollte man seine Freude an etwas besser teilen als wie mit Gleichgesinnten in lockerer und dennoch gewissenhafter Atmosph\u00e4re eines Clubs?<\/p>\n<p>[\/et_pb_blurb][\/et_pb_column][et_pb_column type=&#8220;1_2&#8243;][et_pb_blurb admin_label=&#8220;Informationstext &#8211; Der Entschluss&#8220; title=&#8220;Der Entschluss&#8220; url_new_window=&#8220;off&#8220; use_icon=&#8220;on&#8220; icon_color=&#8220;#8b160f&#8220; use_circle=&#8220;off&#8220; circle_color=&#8220;#8b160f&#8220; use_circle_border=&#8220;off&#8220; circle_border_color=&#8220;#8b160f&#8220; icon_placement=&#8220;left&#8220; animation=&#8220;top&#8220; background_layout=&#8220;light&#8220; text_orientation=&#8220;left&#8220; use_icon_font_size=&#8220;off&#8220; use_border_color=&#8220;off&#8220; border_color=&#8220;#ffffff&#8220; border_style=&#8220;solid&#8220; font_icon=&#8220;%%45%%&#8220;]<\/p>\n<p>Doch eine Idee alleine reicht nicht aus um Anh\u00e4nger zu finden oder gar Erfolg zu haben. Unz\u00e4hlige, ehrenamtliche Arbeitsstunden folgten. S\u00e4mtliche umliegende Oldtimer-Besitzer wurden kontaktiert und zu einem geschmatzigen Diskussionsabend eingeladen. 22 Personen folgten dem Aufruf und man war sich schnell einig: Die Gr\u00fcndung des \u201eOldtimer-Club Rottenbach\u201c ist ab sofort keine Zukunftsmusik mehr. Aber wie sollte man die Artenvielfalt an Oldtimer-Fahrzeugen im Clubnamen zum Ausdruck bringen? Jede Menge Vorschl\u00e4ge und doch ein einheitlicher Entschluss \u201eAMTC Rottenbach\u201c = Auto &#8211; Motorrad &#8211; Traktor &#8211; Club &#8211; Rottenbach.<\/p>\n<p>[\/et_pb_blurb][\/et_pb_column][\/et_pb_row][et_pb_row admin_label=&#8220;Zeile&#8220; make_fullwidth=&#8220;off&#8220; use_custom_width=&#8220;off&#8220; width_unit=&#8220;on&#8220; use_custom_gutter=&#8220;off&#8220; custom_padding=&#8220;50px|||&#8220; padding_mobile=&#8220;off&#8220; allow_player_pause=&#8220;off&#8220; parallax=&#8220;off&#8220; parallax_method=&#8220;off&#8220; make_equal=&#8220;off&#8220; parallax_1=&#8220;off&#8220; parallax_method_1=&#8220;off&#8220; parallax_2=&#8220;off&#8220; parallax_method_2=&#8220;off&#8220; column_padding_mobile=&#8220;on&#8220;][et_pb_column type=&#8220;1_2&#8243;][et_pb_blurb admin_label=&#8220;Informationstext &#8211; Unser Ziel&#8220; title=&#8220;Unser Ziel&#8220; url_new_window=&#8220;off&#8220; use_icon=&#8220;on&#8220; icon_color=&#8220;#8b160f&#8220; use_circle=&#8220;off&#8220; circle_color=&#8220;#8b160f&#8220; use_circle_border=&#8220;off&#8220; circle_border_color=&#8220;#8b160f&#8220; icon_placement=&#8220;left&#8220; animation=&#8220;top&#8220; background_layout=&#8220;light&#8220; text_orientation=&#8220;left&#8220; use_icon_font_size=&#8220;off&#8220; use_border_color=&#8220;off&#8220; border_color=&#8220;#ffffff&#8220; border_style=&#8220;solid&#8220; font_icon=&#8220;%%121%%&#8220;]<\/p>\n<p>Ziel unseres Clubs ist es, als unabh\u00e4ngiger und selbstst\u00e4ndiger Verein, Gleichgesinnten ihr Hobby \u201eOldtimer\u201c zu f\u00f6rdern, sowie alte Technik-Fahrzeuge zu sammeln, restaurieren, erhalten\u00a0und gelegentlich zu bewegen. Dar\u00fcber hinaus pflegen und ehren wir den Mythos \u201eOldies\u201c. Es ist l\u00e4ngst kein unbeschriebenes Blatt Papier mehr, dass ein Verein nur so gut funktioniert wie es seine Mitglieder tun. Diesbez\u00fcglich k\u00f6nnen wir uns gl\u00fccklich sch\u00e4tzen, unsere Mitglieder sind gewiss mehr als nur Mitglieder \u2013 aktiv und mit Begeisterung wird das Angebot an Club-Abenden, -Ausfahrten, -Ausfl\u00fcgen und gemeinsamen Grill-Abenden genutzt.<\/p>\n<p>[\/et_pb_blurb][\/et_pb_column][et_pb_column type=&#8220;1_2&#8243;][et_pb_blurb admin_label=&#8220;Informationstext &#8211; Aktive Mitglieder&#8220; title=&#8220;Aktive Mitglieder&#8220; url_new_window=&#8220;off&#8220; use_icon=&#8220;on&#8220; icon_color=&#8220;#8b160f&#8220; use_circle=&#8220;off&#8220; circle_color=&#8220;#8b160f&#8220; use_circle_border=&#8220;off&#8220; circle_border_color=&#8220;#8b160f&#8220; icon_placement=&#8220;left&#8220; animation=&#8220;top&#8220; background_layout=&#8220;light&#8220; text_orientation=&#8220;left&#8220; use_icon_font_size=&#8220;off&#8220; use_border_color=&#8220;off&#8220; border_color=&#8220;#ffffff&#8220; border_style=&#8220;solid&#8220; font_icon=&#8220;%%259%%&#8220;]<\/p>\n<p>\u00dcber die Jahre k\u00f6nnen wir uns \u00fcber eine kontinuierlich wachsende Mitgliederzahl erfreuen, sodass sich mittlerweile unsere \u00fcber 200 Mitglieder auf ganz \u00d6sterreich verteilen. Um unseren \u201eausw\u00e4rtigen\u201c Mitgliedern die M\u00f6glichkeit zu geben sich kennen zu lernen, gegenseitige Erfahrungen auszutauschen und pers\u00f6nliche Kontakte aufzubauen haben wir einen Jahreskalender gespickt mit gemeinsamen Veranstaltungen und abwechslungsreichen Unternehmungen. Besonders hervorheben m\u00f6chten wir unsere Club-Abende. Diese sind f\u00fcr unsere Mitglieder nicht nur ein zus\u00e4tzlicher Ansporn zur Mitwirkung am Club-Leben sondern erleichtern dem Veranstalter die Planung diverser Club-Aktivit\u00e4ten \u2013 zugleich bieten sie ein gemeinsames gesellschaftliches Zuhause und somit die bestm\u00f6gliche Voraussetzung zum Erlebnis in seiner sch\u00f6nsten Form als Oldtimer-Club.<\/p>\n<p>[\/et_pb_blurb][\/et_pb_column][\/et_pb_row][et_pb_row admin_label=&#8220;Zeile&#8220;][et_pb_column type=&#8220;4_4&#8243;][et_pb_divider admin_label=&#8220;Teiler&#8220; color=&#8220;#ffffff&#8220; show_divider=&#8220;off&#8220; divider_style=&#8220;solid&#8220; divider_position=&#8220;top&#8220; hide_on_mobile=&#8220;on&#8220;] [\/et_pb_divider][\/et_pb_column][\/et_pb_row][\/et_pb_section]<\/p>\n","protected":false},"excerpt":{"rendered":"<p>Wie so oft im Leben ist die Geburtsstunde einer Idee unspektakul\u00e4r. Das heranwachsende Ergebnis hingegen umso faszinierender. So kam es, dass sich im M\u00e4rz 2003 &#8211; im heutigen Clublokal &#8211; Gasthaus Mauernb\u00f6ck die 2 Oldtimer-Besitzer und -Liebhaber (unser aktueller Obmann Josef Schiller und Ehren-Mitglied Erich Starlinger) trafen um Erfahrungen auszutauschen. Nach l\u00e4ngerer Unterhaltung war man [&hellip;]<\/p>\n","protected":false},"author":2,"featured_media":0,"parent":84,"menu_order":0,"comment_status":"closed","ping_status":"closed","template":"","meta":{"_et_pb_use_builder":"on","_et_pb_old_content":"","_et_gb_content_width":"","_mi_skip_tracking":false,"_monsterinsights_sitenote_active":false,"_monsterinsights_sitenote_note":"","_monsterinsights_sitenote_category":0,"footnotes":""},"_links":{"self":[{"href":"http:\/\/www.oldtimerclub-rottenbach.at\/wp\/index.php?rest_route=\/wp\/v2\/pages\/53"}],"collection":[{"href":"http:\/\/www.oldtimerclub-rottenbach.at\/wp\/index.php?rest_route=\/wp\/v2\/pages"}],"about":[{"href":"http:\/\/www.oldtimerclub-rottenbach.at\/wp\/index.php?rest_route=\/wp\/v2\/types\/page"}],"author":[{"embeddable":true,"href":"http:\/\/www.oldtimerclub-rottenbach.at\/wp\/index.php?rest_route=\/wp\/v2\/users\/2"}],"replies":[{"embeddable":true,"href":"http:\/\/www.oldtimerclub-rottenbach.at\/wp\/index.php?rest_route=%2Fwp%2Fv2%2Fcomments&post=53"}],"version-history":[{"count":59,"href":"http:\/\/www.oldtimerclub-rottenbach.at\/wp\/index.php?rest_route=\/wp\/v2\/pages\/53\/revisions"}],"predecessor-version":[{"id":3683,"href":"http:\/\/www.oldtimerclub-rottenbach.at\/wp\/index.php?rest_route=\/wp\/v2\/pages\/53\/revisions\/3683"}],"up":[{"embeddable":true,"href":"http:\/\/www.oldtimerclub-rottenbach.at\/wp\/index.php?rest_route=\/wp\/v2\/pages\/84"}],"wp:attachment":[{"href":"http:\/\/www.oldtimerclub-rottenbach.at\/wp\/index.php?rest_route=%2Fwp%2Fv2%2Fmedia&parent=53"}],"curies":[{"name":"wp","href":"https:\/\/api.w.org\/{rel}","templated":true}]}}