{"id":188,"date":"2016-02-14T16:26:55","date_gmt":"2016-02-14T15:26:55","guid":{"rendered":"http:\/\/www.oldtimerclub-rottenbach.at\/wp\/?page_id=188"},"modified":"2020-12-17T22:40:16","modified_gmt":"2020-12-17T21:40:16","slug":"club-lokal","status":"publish","type":"page","link":"https:\/\/www.oldtimerclub-rottenbach.at\/wp\/?page_id=188","title":{"rendered":"Club-Lokal"},"content":{"rendered":"<p>[et_pb_section bb_built=&#8220;1&#8243; admin_label=&#8220;section&#8220; transparent_background=&#8220;off&#8220; allow_player_pause=&#8220;off&#8220; inner_shadow=&#8220;on&#8220; parallax=&#8220;off&#8220; parallax_method=&#8220;off&#8220; padding_mobile=&#8220;off&#8220; make_fullwidth=&#8220;off&#8220; use_custom_width=&#8220;off&#8220; width_unit=&#8220;on&#8220; make_equal=&#8220;off&#8220; use_custom_gutter=&#8220;off&#8220;][et_pb_row admin_label=&#8220;row&#8220; make_fullwidth=&#8220;off&#8220; use_custom_width=&#8220;off&#8220; width_unit=&#8220;on&#8220; use_custom_gutter=&#8220;off&#8220; padding_mobile=&#8220;off&#8220; allow_player_pause=&#8220;off&#8220; parallax=&#8220;off&#8220; parallax_method=&#8220;off&#8220; make_equal=&#8220;off&#8220; parallax_1=&#8220;off&#8220; parallax_method_1=&#8220;off&#8220; column_padding_mobile=&#8220;on&#8220; background_position=&#8220;top_left&#8220; background_repeat=&#8220;repeat&#8220; background_size=&#8220;initial&#8220;][et_pb_column type=&#8220;4_4&#8243;][et_pb_post_title admin_label=&#8220;Posttitel &#8211; Automatisierte \u00dcberschrift des Seitennamens&#8220; title=&#8220;on&#8220; meta=&#8220;off&#8220; author=&#8220;on&#8220; date=&#8220;on&#8220; categories=&#8220;on&#8220; comments=&#8220;on&#8220; featured_image=&#8220;off&#8220; featured_placement=&#8220;below&#8220; parallax_effect=&#8220;on&#8220; parallax_method=&#8220;on&#8220; text_orientation=&#8220;left&#8220; text_color=&#8220;dark&#8220; text_background=&#8220;off&#8220; text_bg_color=&#8220;rgba(255,255,255,0.9)&#8220; module_bg_color=&#8220;rgba(255,255,255,0)&#8220; title_all_caps=&#8220;off&#8220; use_border_color=&#8220;off&#8220; border_color=&#8220;#ffffff&#8220; border_style=&#8220;solid&#8220; \/][\/et_pb_column][\/et_pb_row][\/et_pb_section][et_pb_section bb_built=&#8220;1&#8243; admin_label=&#8220;Sektion&#8220; fullwidth=&#8220;on&#8220; specialty=&#8220;off&#8220; transparent_background=&#8220;off&#8220; allow_player_pause=&#8220;off&#8220; inner_shadow=&#8220;off&#8220; parallax=&#8220;off&#8220; parallax_method=&#8220;off&#8220; padding_mobile=&#8220;off&#8220; make_fullwidth=&#8220;off&#8220; use_custom_width=&#8220;off&#8220; width_unit=&#8220;on&#8220; make_equal=&#8220;off&#8220; use_custom_gutter=&#8220;off&#8220;][et_pb_fullwidth_slider admin_label=&#8220;Vollbreiter Slider &#8211; Foto im Header&#8220; show_arrows=&#8220;on&#8220; show_pagination=&#8220;on&#8220; auto=&#8220;on&#8220; auto_ignore_hover=&#8220;off&#8220; parallax=&#8220;off&#8220; parallax_method=&#8220;on&#8220; remove_inner_shadow=&#8220;off&#8220; background_position=&#8220;top_left&#8220; hide_content_on_mobile=&#8220;off&#8220; hide_cta_on_mobile=&#8220;off&#8220; show_image_video_mobile=&#8220;off&#8220; custom_button=&#8220;off&#8220; button_letter_spacing=&#8220;0&#8243; button_icon_placement=&#8220;right&#8220; button_letter_spacing_hover=&#8220;0&#8243; auto_speed=&#8220;5000&#8243; _builder_version=&#8220;3.0.50&#8243;] [et_pb_slide background_color=&#8220;#ffffff&#8220; use_background_color_gradient=&#8220;off&#8220; background_color_gradient_start=&#8220;#2b87da&#8220; background_color_gradient_end=&#8220;#29c4a9&#8243; background_color_gradient_type=&#8220;linear&#8220; background_color_gradient_direction=&#8220;180deg&#8220; background_color_gradient_direction_radial=&#8220;center&#8220; background_color_gradient_start_position=&#8220;0%&#8220; background_color_gradient_end_position=&#8220;100%&#8220; background_image=&#8220;http:\/\/www.oldtimerclub-rottenbach.at\/wp\/wp-content\/uploads\/2019\/10\/Mauernb\u00f6ck1.png&#8220; parallax=&#8220;off&#8220; parallax_method=&#8220;off&#8220; background_position=&#8220;center&#8220; background_size=&#8220;cover&#8220; background_repeat=&#8220;repeat&#8220; background_blend=&#8220;normal&#8220; allow_player_pause=&#8220;off&#8220; use_bg_overlay=&#8220;off&#8220; use_text_overlay=&#8220;off&#8220; text_border_radius=&#8220;3&#8243; alignment=&#8220;center&#8220; background_layout=&#8220;dark&#8220; header_font_select=&#8220;default&#8220; header_font=&#8220;||||&#8220; body_font_select=&#8220;default&#8220; body_font=&#8220;||||&#8220; custom_button=&#8220;off&#8220; button_font_select=&#8220;default&#8220; button_font=&#8220;||||&#8220; button_use_icon=&#8220;default&#8220; button_icon_placement=&#8220;right&#8220; button_on_hover=&#8220;on&#8220; \/][et_pb_slide background_color=&#8220;#ffffff&#8220; use_background_color_gradient=&#8220;off&#8220; background_color_gradient_start=&#8220;#2b87da&#8220; background_color_gradient_end=&#8220;#29c4a9&#8243; background_color_gradient_type=&#8220;linear&#8220; background_color_gradient_direction=&#8220;180deg&#8220; background_color_gradient_direction_radial=&#8220;center&#8220; background_color_gradient_start_position=&#8220;0%&#8220; background_color_gradient_end_position=&#8220;100%&#8220; background_image=&#8220;http:\/\/www.oldtimerclub-rottenbach.at\/wp\/wp-content\/uploads\/2019\/10\/Mauernb\u00f6ck5.png&#8220; parallax=&#8220;off&#8220; parallax_method=&#8220;off&#8220; background_position=&#8220;center&#8220; background_size=&#8220;cover&#8220; background_repeat=&#8220;repeat&#8220; background_blend=&#8220;normal&#8220; allow_player_pause=&#8220;off&#8220; use_bg_overlay=&#8220;off&#8220; use_text_overlay=&#8220;off&#8220; text_border_radius=&#8220;3&#8243; alignment=&#8220;center&#8220; background_layout=&#8220;dark&#8220; header_font_select=&#8220;default&#8220; header_font=&#8220;||||&#8220; body_font_select=&#8220;default&#8220; body_font=&#8220;||||&#8220; custom_button=&#8220;off&#8220; button_font_select=&#8220;default&#8220; button_font=&#8220;||||&#8220; button_use_icon=&#8220;default&#8220; button_icon_placement=&#8220;right&#8220; button_on_hover=&#8220;on&#8220; \/][et_pb_slide background_position=&#8220;top_center&#8220; background_size=&#8220;default&#8220; background_color=&#8220;#ffffff&#8220; use_bg_overlay=&#8220;off&#8220; use_text_overlay=&#8220;off&#8220; alignment=&#8220;center&#8220; background_layout=&#8220;dark&#8220; allow_player_pause=&#8220;off&#8220; text_border_radius=&#8220;3&#8243; header_font_select=&#8220;default&#8220; header_font=&#8220;||||&#8220; body_font_select=&#8220;default&#8220; body_font=&#8220;||||&#8220; custom_button=&#8220;off&#8220; button_font_select=&#8220;default&#8220; button_font=&#8220;||||&#8220; button_use_icon=&#8220;default&#8220; button_icon_placement=&#8220;right&#8220; button_on_hover=&#8220;on&#8220; background_image=&#8220;http:\/\/www.oldtimerclub-rottenbach.at\/wp\/wp-content\/uploads\/2016\/02\/AMTC_Club_Lokal_Mauernb\u00f6ck_Wirt.jpg&#8220; bg_overlay_color=&#8220;rgba(220,177,0,0.5)&#8220; \/][et_pb_slide background_color=&#8220;#ffffff&#8220; use_background_color_gradient=&#8220;off&#8220; background_color_gradient_start=&#8220;#2b87da&#8220; background_color_gradient_end=&#8220;#29c4a9&#8243; background_color_gradient_type=&#8220;linear&#8220; background_color_gradient_direction=&#8220;180deg&#8220; background_color_gradient_direction_radial=&#8220;center&#8220; background_color_gradient_start_position=&#8220;0%&#8220; background_color_gradient_end_position=&#8220;100%&#8220; background_image=&#8220;http:\/\/www.oldtimerclub-rottenbach.at\/wp\/wp-content\/uploads\/2019\/10\/Mauernb\u00f6ck6.png&#8220; parallax=&#8220;off&#8220; parallax_method=&#8220;off&#8220; background_position=&#8220;center&#8220; background_size=&#8220;cover&#8220; background_repeat=&#8220;repeat&#8220; background_blend=&#8220;normal&#8220; allow_player_pause=&#8220;off&#8220; use_bg_overlay=&#8220;off&#8220; use_text_overlay=&#8220;off&#8220; text_border_radius=&#8220;3&#8243; alignment=&#8220;center&#8220; background_layout=&#8220;dark&#8220; header_font_select=&#8220;default&#8220; header_font=&#8220;||||&#8220; body_font_select=&#8220;default&#8220; body_font=&#8220;||||&#8220; custom_button=&#8220;off&#8220; button_font_select=&#8220;default&#8220; button_font=&#8220;||||&#8220; button_use_icon=&#8220;default&#8220; button_icon_placement=&#8220;right&#8220; button_on_hover=&#8220;on&#8220; \/][et_pb_slide background_color=&#8220;#ffffff&#8220; use_background_color_gradient=&#8220;off&#8220; background_color_gradient_start=&#8220;#2b87da&#8220; background_color_gradient_end=&#8220;#29c4a9&#8243; background_color_gradient_type=&#8220;linear&#8220; background_color_gradient_direction=&#8220;180deg&#8220; background_color_gradient_direction_radial=&#8220;center&#8220; background_color_gradient_start_position=&#8220;0%&#8220; background_color_gradient_end_position=&#8220;100%&#8220; background_image=&#8220;http:\/\/www.oldtimerclub-rottenbach.at\/wp\/wp-content\/uploads\/2019\/10\/Mauernb\u00f6ck3.png&#8220; parallax=&#8220;off&#8220; parallax_method=&#8220;off&#8220; background_position=&#8220;center&#8220; background_size=&#8220;cover&#8220; background_repeat=&#8220;repeat&#8220; background_blend=&#8220;normal&#8220; allow_player_pause=&#8220;off&#8220; use_bg_overlay=&#8220;off&#8220; use_text_overlay=&#8220;off&#8220; text_border_radius=&#8220;3&#8243; alignment=&#8220;center&#8220; background_layout=&#8220;dark&#8220; header_font_select=&#8220;default&#8220; header_font=&#8220;||||&#8220; body_font_select=&#8220;default&#8220; body_font=&#8220;||||&#8220; custom_button=&#8220;off&#8220; button_font_select=&#8220;default&#8220; button_font=&#8220;||||&#8220; button_use_icon=&#8220;default&#8220; button_icon_placement=&#8220;right&#8220; button_on_hover=&#8220;on&#8220; \/][et_pb_slide background_color=&#8220;#ffffff&#8220; use_background_color_gradient=&#8220;off&#8220; background_color_gradient_start=&#8220;#2b87da&#8220; background_color_gradient_end=&#8220;#29c4a9&#8243; background_color_gradient_type=&#8220;linear&#8220; background_color_gradient_direction=&#8220;180deg&#8220; background_color_gradient_direction_radial=&#8220;center&#8220; background_color_gradient_start_position=&#8220;0%&#8220; background_color_gradient_end_position=&#8220;100%&#8220; background_image=&#8220;http:\/\/www.oldtimerclub-rottenbach.at\/wp\/wp-content\/uploads\/2019\/10\/Mauernb\u00f6ck4.png&#8220; parallax=&#8220;off&#8220; parallax_method=&#8220;off&#8220; background_position=&#8220;center&#8220; background_size=&#8220;cover&#8220; background_repeat=&#8220;repeat&#8220; background_blend=&#8220;normal&#8220; allow_player_pause=&#8220;off&#8220; use_bg_overlay=&#8220;off&#8220; use_text_overlay=&#8220;off&#8220; text_border_radius=&#8220;3&#8243; alignment=&#8220;center&#8220; background_layout=&#8220;dark&#8220; header_font_select=&#8220;default&#8220; header_font=&#8220;||||&#8220; body_font_select=&#8220;default&#8220; body_font=&#8220;||||&#8220; custom_button=&#8220;off&#8220; button_font_select=&#8220;default&#8220; button_font=&#8220;||||&#8220; button_use_icon=&#8220;default&#8220; button_icon_placement=&#8220;right&#8220; button_on_hover=&#8220;on&#8220; \/][et_pb_slide background_position=&#8220;top_left&#8220; background_size=&#8220;cover&#8220; background_color=&#8220;#ffffff&#8220; use_bg_overlay=&#8220;off&#8220; use_text_overlay=&#8220;off&#8220; alignment=&#8220;center&#8220; background_layout=&#8220;dark&#8220; allow_player_pause=&#8220;off&#8220; text_border_radius=&#8220;3&#8243; header_font_select=&#8220;default&#8220; header_font=&#8220;||||&#8220; body_font_select=&#8220;default&#8220; body_font=&#8220;||||&#8220; custom_button=&#8220;off&#8220; button_font_select=&#8220;default&#8220; button_font=&#8220;||||&#8220; button_use_icon=&#8220;default&#8220; button_icon_placement=&#8220;right&#8220; button_on_hover=&#8220;on&#8220; background_image=&#8220;http:\/\/www.oldtimerclub-rottenbach.at\/wp\/wp-content\/uploads\/2016\/02\/AMTC_Club_Lokal_Mauernb\u00f6ck_aussen.jpg&#8220; bg_overlay_color=&#8220;rgba(220,177,0,0.5)&#8220; image=&#8220;http:\/\/www.oldtimerclub-rottenbach.at\/wp\/wp-content\/uploads\/2016\/02\/GH-Mauernb\u00f6ck02.jpg&#8220; use_background_color_gradient=&#8220;off&#8220; background_color_gradient_start=&#8220;#2b87da&#8220; background_color_gradient_end=&#8220;#29c4a9&#8243; background_color_gradient_type=&#8220;linear&#8220; background_color_gradient_direction=&#8220;180deg&#8220; background_color_gradient_direction_radial=&#8220;center&#8220; background_color_gradient_start_position=&#8220;0%&#8220; background_color_gradient_end_position=&#8220;100%&#8220; parallax=&#8220;off&#8220; parallax_method=&#8220;off&#8220; background_repeat=&#8220;repeat&#8220; background_blend=&#8220;normal&#8220; \/] [\/et_pb_fullwidth_slider][\/et_pb_section][et_pb_section bb_built=&#8220;1&#8243; admin_label=&#8220;Sektion&#8220; fullwidth=&#8220;off&#8220; specialty=&#8220;off&#8220; transparent_background=&#8220;off&#8220; allow_player_pause=&#8220;off&#8220; inner_shadow=&#8220;off&#8220; parallax=&#8220;off&#8220; parallax_method=&#8220;off&#8220; padding_mobile=&#8220;off&#8220; make_fullwidth=&#8220;off&#8220; use_custom_width=&#8220;off&#8220; width_unit=&#8220;on&#8220; make_equal=&#8220;off&#8220; use_custom_gutter=&#8220;off&#8220;][et_pb_row admin_label=&#8220;Zeile&#8220; make_fullwidth=&#8220;off&#8220; use_custom_width=&#8220;off&#8220; width_unit=&#8220;on&#8220; use_custom_gutter=&#8220;off&#8220; padding_mobile=&#8220;off&#8220; allow_player_pause=&#8220;off&#8220; parallax=&#8220;off&#8220; parallax_method=&#8220;off&#8220; make_equal=&#8220;off&#8220; parallax_1=&#8220;off&#8220; parallax_method_1=&#8220;off&#8220; parallax_2=&#8220;off&#8220; parallax_method_2=&#8220;off&#8220; column_padding_mobile=&#8220;on&#8220; custom_width_percent=&#8220;100%&#8220; gutter_width=&#8220;1&#8243; background_position=&#8220;top_left&#8220; background_repeat=&#8220;repeat&#8220; background_size=&#8220;initial&#8220;][et_pb_column type=&#8220;1_2&#8243;][et_pb_blurb admin_label=&#8220;Informationstext &#8211; So schlie\u00dft sich der Kreis&#8220; title=&#8220;So schlie\u00dft sich der Kreis&#8220; url_new_window=&#8220;on&#8220; use_icon=&#8220;on&#8220; use_circle=&#8220;off&#8220; use_circle_border=&#8220;off&#8220; icon_placement=&#8220;left&#8220; animation=&#8220;top&#8220; background_layout=&#8220;light&#8220; use_icon_font_size=&#8220;off&#8220; border_style=&#8220;solid&#8220; font_icon=&#8220;%%59%%&#8220; background_position=&#8220;top_left&#8220; background_repeat=&#8220;repeat&#8220; background_size=&#8220;initial&#8220; _builder_version=&#8220;3.0.50&#8243; url=&#8220;https:\/\/www.mauernboeck.at\/&#8220;]<\/p>\n<p>Wir pflegen Oldtimer. Die sympathischen Inhaber unseres Club-Lokals, Hotel Mauernb\u00f6ck (Sepp Mauernb\u00f6ck mit seiner Gattin Konni und Tochter Cornelia mit Schwiegersohn Christian), (ver)pflegen uns. Nat\u00fcrlich ist jede\/r\u00a0dort herzlich willkommen und kann sich von dem kulinarischen Angebot \u00fcberzeugen.<\/p>\n<a href='http:\/\/www.mauernboeck.at\/' class='big-button bigorange' target=\"_blank\">AMTC-Clublokal<\/a>\n<p>&nbsp;<\/p>\n<p>&nbsp;<\/p>\n<p>[\/et_pb_blurb][\/et_pb_column][et_pb_column type=&#8220;1_2&#8243;][et_pb_blurb admin_label=&#8220;Informationstext &#8211; Ein gemeinsames Zuhause&#8220; title=&#8220;Ein gemeinsames Zuhause&#8220; url_new_window=&#8220;off&#8220; use_icon=&#8220;on&#8220; use_circle=&#8220;off&#8220; use_circle_border=&#8220;off&#8220; icon_placement=&#8220;left&#8220; animation=&#8220;top&#8220; background_layout=&#8220;light&#8220; use_icon_font_size=&#8220;off&#8220; border_style=&#8220;solid&#8220; font_icon=&#8220;%%102%%&#8220; background_position=&#8220;top_left&#8220; background_repeat=&#8220;repeat&#8220; background_size=&#8220;initial&#8220; _builder_version=&#8220;3.0.50&#8243;]<\/p>\n<p>Unsere monatlichen Club-Abende, am 1. Mittwoch im Monat, finden im sch\u00f6nen und ger\u00e4umigen Saal des Hotels statt.\u00a0Diese sind f\u00fcr unsere Mitglieder nicht nur ein zus\u00e4tzlicher Ansporn zur Mitwirkung am Club-Leben sondern erleichtern dem Veranstalter die Planung diverser Club-Aktivit\u00e4ten \u2013 zugleich bieten sie ein gemeinsames gesellschaftliches Zuhause<\/p>\n<p>[\/et_pb_blurb][\/et_pb_column][\/et_pb_row][et_pb_row admin_label=&#8220;Zeile&#8220; background_position=&#8220;top_left&#8220; background_repeat=&#8220;repeat&#8220; background_size=&#8220;initial&#8220;][et_pb_column type=&#8220;4_4&#8243;][et_pb_divider admin_label=&#8220;Teiler&#8220; color=&#8220;#ffffff&#8220; show_divider=&#8220;off&#8220; divider_style=&#8220;solid&#8220; divider_position=&#8220;top&#8220; hide_on_mobile=&#8220;on&#8220; \/][\/et_pb_column][\/et_pb_row][\/et_pb_section]<\/p>\n","protected":false},"excerpt":{"rendered":"<p>Wir pflegen Oldtimer. Die sympathischen Inhaber unseres Club-Lokals, Hotel Mauernb\u00f6ck (Sepp Mauernb\u00f6ck mit seiner Gattin Konni und Tochter Cornelia mit Schwiegersohn Christian), (ver)pflegen uns. Nat\u00fcrlich ist jede\/r\u00a0dort herzlich willkommen und kann sich von dem kulinarischen Angebot \u00fcberzeugen. <a href='http:\/\/www.mauernboeck.at\/' class='big-button bigorange' target=\"_blank\">AMTC-Clublokal<\/a> &nbsp; &nbsp; Unsere monatlichen Club-Abende, am 1. Mittwoch im Monat, finden im [&hellip;]<\/p>\n","protected":false},"author":2,"featured_media":0,"parent":84,"menu_order":0,"comment_status":"closed","ping_status":"closed","template":"","meta":{"_et_pb_use_builder":"on","_et_pb_old_content":"","_et_gb_content_width":"","_mi_skip_tracking":false,"_monsterinsights_sitenote_active":false,"_monsterinsights_sitenote_note":"","_monsterinsights_sitenote_category":0,"footnotes":""},"_links":{"self":[{"href":"https:\/\/www.oldtimerclub-rottenbach.at\/wp\/index.php?rest_route=\/wp\/v2\/pages\/188"}],"collection":[{"href":"https:\/\/www.oldtimerclub-rottenbach.at\/wp\/index.php?rest_route=\/wp\/v2\/pages"}],"about":[{"href":"https:\/\/www.oldtimerclub-rottenbach.at\/wp\/index.php?rest_route=\/wp\/v2\/types\/page"}],"author":[{"embeddable":true,"href":"https:\/\/www.oldtimerclub-rottenbach.at\/wp\/index.php?rest_route=\/wp\/v2\/users\/2"}],"replies":[{"embeddable":true,"href":"https:\/\/www.oldtimerclub-rottenbach.at\/wp\/index.php?rest_route=%2Fwp%2Fv2%2Fcomments&post=188"}],"version-history":[{"count":17,"href":"https:\/\/www.oldtimerclub-rottenbach.at\/wp\/index.php?rest_route=\/wp\/v2\/pages\/188\/revisions"}],"predecessor-version":[{"id":7349,"href":"https:\/\/www.oldtimerclub-rottenbach.at\/wp\/index.php?rest_route=\/wp\/v2\/pages\/188\/revisions\/7349"}],"up":[{"embeddable":true,"href":"https:\/\/www.oldtimerclub-rottenbach.at\/wp\/index.php?rest_route=\/wp\/v2\/pages\/84"}],"wp:attachment":[{"href":"https:\/\/www.oldtimerclub-rottenbach.at\/wp\/index.php?rest_route=%2Fwp%2Fv2%2Fmedia&parent=188"}],"curies":[{"name":"wp","href":"https:\/\/api.w.org\/{rel}","templated":true}]}}