{"id":625,"date":"2016-02-18T15:02:42","date_gmt":"2016-02-18T14:02:42","guid":{"rendered":"http:\/\/www.oldtimerclub-rottenbach.at\/wp\/?page_id=625"},"modified":"2016-03-01T13:02:46","modified_gmt":"2016-03-01T12:02:46","slug":"traktor-museum-dorf","status":"publish","type":"page","link":"https:\/\/www.oldtimerclub-rottenbach.at\/wp\/?page_id=625","title":{"rendered":"Oldtimer-Traktor-Museum \/ Dorf an der Pram"},"content":{"rendered":"<p>[et_pb_section admin_label=&#8220;section&#8220; transparent_background=&#8220;off&#8220; allow_player_pause=&#8220;off&#8220; inner_shadow=&#8220;on&#8220; parallax=&#8220;off&#8220; parallax_method=&#8220;off&#8220; padding_mobile=&#8220;off&#8220; make_fullwidth=&#8220;off&#8220; use_custom_width=&#8220;off&#8220; width_unit=&#8220;on&#8220; make_equal=&#8220;off&#8220; use_custom_gutter=&#8220;off&#8220;][et_pb_row admin_label=&#8220;row&#8220; make_fullwidth=&#8220;off&#8220; use_custom_width=&#8220;off&#8220; width_unit=&#8220;on&#8220; use_custom_gutter=&#8220;off&#8220; padding_mobile=&#8220;off&#8220; allow_player_pause=&#8220;off&#8220; parallax=&#8220;off&#8220; parallax_method=&#8220;off&#8220; make_equal=&#8220;off&#8220; parallax_1=&#8220;off&#8220; parallax_method_1=&#8220;off&#8220; column_padding_mobile=&#8220;on&#8220;][et_pb_column type=&#8220;4_4&#8243;][et_pb_post_title admin_label=&#8220;Posttitel &#8211; Automatisierte \u00dcberschrift des Seitennamens&#8220; title=&#8220;on&#8220; meta=&#8220;off&#8220; author=&#8220;on&#8220; date=&#8220;on&#8220; categories=&#8220;on&#8220; comments=&#8220;on&#8220; featured_image=&#8220;off&#8220; featured_placement=&#8220;below&#8220; parallax_effect=&#8220;on&#8220; parallax_method=&#8220;on&#8220; text_orientation=&#8220;left&#8220; text_color=&#8220;dark&#8220; text_background=&#8220;off&#8220; text_bg_color=&#8220;rgba(255,255,255,0.9)&#8220; module_bg_color=&#8220;rgba(255,255,255,0)&#8220; title_all_caps=&#8220;off&#8220; use_border_color=&#8220;off&#8220; border_color=&#8220;#ffffff&#8220; border_style=&#8220;solid&#8220;] [\/et_pb_post_title][\/et_pb_column][\/et_pb_row][\/et_pb_section][et_pb_section admin_label=&#8220;Sektion&#8220; fullwidth=&#8220;on&#8220; specialty=&#8220;off&#8220; transparent_background=&#8220;off&#8220; allow_player_pause=&#8220;off&#8220; inner_shadow=&#8220;off&#8220; parallax=&#8220;off&#8220; parallax_method=&#8220;off&#8220; padding_mobile=&#8220;off&#8220; make_fullwidth=&#8220;off&#8220; use_custom_width=&#8220;off&#8220; width_unit=&#8220;on&#8220; make_equal=&#8220;off&#8220; use_custom_gutter=&#8220;off&#8220;][et_pb_fullwidth_slider admin_label=&#8220;Vollbreiter Slider &#8211; Foto im Header&#8220; show_arrows=&#8220;on&#8220; show_pagination=&#8220;on&#8220; auto=&#8220;on&#8220; auto_ignore_hover=&#8220;on&#8220; parallax=&#8220;off&#8220; parallax_method=&#8220;on&#8220; remove_inner_shadow=&#8220;off&#8220; background_position=&#8220;default&#8220; background_size=&#8220;default&#8220; hide_content_on_mobile=&#8220;off&#8220; hide_cta_on_mobile=&#8220;off&#8220; show_image_video_mobile=&#8220;off&#8220; custom_button=&#8220;off&#8220; button_letter_spacing=&#8220;0&#8243; button_use_icon=&#8220;default&#8220; button_icon_placement=&#8220;right&#8220; button_on_hover=&#8220;on&#8220; button_letter_spacing_hover=&#8220;0&#8243; auto_speed=&#8220;6500&#8243;] [et_pb_slide background_position=&#8220;default&#8220; background_size=&#8220;default&#8220; background_color=&#8220;#ffffff&#8220; use_bg_overlay=&#8220;off&#8220; use_text_overlay=&#8220;off&#8220; alignment=&#8220;center&#8220; background_layout=&#8220;dark&#8220; allow_player_pause=&#8220;off&#8220; text_border_radius=&#8220;3&#8243; header_font_select=&#8220;default&#8220; header_font=&#8220;||||&#8220; body_font_select=&#8220;default&#8220; body_font=&#8220;||||&#8220; custom_button=&#8220;off&#8220; button_font_select=&#8220;default&#8220; button_font=&#8220;||||&#8220; button_use_icon=&#8220;default&#8220; button_icon_placement=&#8220;right&#8220; button_on_hover=&#8220;on&#8220; background_image=&#8220;http:\/\/www.oldtimerclub-rottenbach.at\/wp\/wp-content\/uploads\/2016\/02\/Slider_TraktorMuseum_Stelzhammer.jpg&#8220; bg_overlay_color=&#8220;rgba(220,177,0,0.2)&#8220;] [\/et_pb_slide] [\/et_pb_fullwidth_slider][\/et_pb_section][et_pb_section admin_label=&#8220;section&#8220; transparent_background=&#8220;off&#8220; allow_player_pause=&#8220;off&#8220; inner_shadow=&#8220;off&#8220; parallax=&#8220;off&#8220; parallax_method=&#8220;off&#8220; padding_mobile=&#8220;off&#8220; make_fullwidth=&#8220;off&#8220; use_custom_width=&#8220;off&#8220; width_unit=&#8220;on&#8220; make_equal=&#8220;off&#8220; use_custom_gutter=&#8220;off&#8220;][et_pb_row admin_label=&#8220;Zeile&#8220; make_fullwidth=&#8220;off&#8220; use_custom_width=&#8220;off&#8220; width_unit=&#8220;on&#8220; use_custom_gutter=&#8220;off&#8220; padding_mobile=&#8220;off&#8220; allow_player_pause=&#8220;off&#8220; parallax=&#8220;off&#8220; parallax_method=&#8220;off&#8220; make_equal=&#8220;off&#8220; parallax_1=&#8220;off&#8220; parallax_method_1=&#8220;off&#8220; parallax_2=&#8220;off&#8220; parallax_method_2=&#8220;off&#8220; parallax_3=&#8220;off&#8220; parallax_method_3=&#8220;off&#8220; column_padding_mobile=&#8220;on&#8220; gutter_width=&#8220;1&#8243;][et_pb_column type=&#8220;1_3&#8243;][et_pb_blurb admin_label=&#8220;Informationstext &#8211; Besitzer&#8220; title=&#8220;Besitzer&#8220; url_new_window=&#8220;off&#8220; use_icon=&#8220;on&#8220; font_icon=&#8220;%%258%%&#8220; icon_color=&#8220;#8b160f&#8220; use_circle=&#8220;off&#8220; circle_color=&#8220;#8b160f&#8220; use_circle_border=&#8220;off&#8220; circle_border_color=&#8220;#8b160f&#8220; icon_placement=&#8220;left&#8220; animation=&#8220;top&#8220; background_layout=&#8220;light&#8220; text_orientation=&#8220;left&#8220; use_icon_font_size=&#8220;off&#8220; use_border_color=&#8220;off&#8220; border_color=&#8220;#ffffff&#8220; border_style=&#8220;solid&#8220;]<\/p>\n<p>Anna &amp; Ernst Stelzhamer<\/p>\n<p>[\/et_pb_blurb][\/et_pb_column][et_pb_column type=&#8220;1_3&#8243;][et_pb_blurb admin_label=&#8220;Informationstext &#8211; Telefon&#8220; title=&#8220;Telefon&#8220; url_new_window=&#8220;off&#8220; use_icon=&#8220;on&#8220; font_icon=&#8220;%%264%%&#8220; icon_color=&#8220;#8b160f&#8220; use_circle=&#8220;off&#8220; circle_color=&#8220;#8b160f&#8220; use_circle_border=&#8220;off&#8220; circle_border_color=&#8220;#8b160f&#8220; icon_placement=&#8220;left&#8220; animation=&#8220;top&#8220; background_layout=&#8220;light&#8220; text_orientation=&#8220;left&#8220; use_icon_font_size=&#8220;off&#8220; use_border_color=&#8220;off&#8220; border_color=&#8220;#ffffff&#8220; border_style=&#8220;solid&#8220;]<\/p>\n<p>+43\u00a077 64 76 84<br \/>\n+43 664 27 19 101<\/p>\n<p>[\/et_pb_blurb][\/et_pb_column][et_pb_column type=&#8220;1_3&#8243;][et_pb_blurb admin_label=&#8220;Informationstext &#8211; Anschrift&#8220; title=&#8220;Anschrift&#8220; url_new_window=&#8220;off&#8220; use_icon=&#8220;on&#8220; font_icon=&#8220;%%249%%&#8220; icon_color=&#8220;#8b160f&#8220; use_circle=&#8220;off&#8220; circle_color=&#8220;#8b160f&#8220; use_circle_border=&#8220;off&#8220; circle_border_color=&#8220;#8b160f&#8220; icon_placement=&#8220;left&#8220; animation=&#8220;top&#8220; background_layout=&#8220;light&#8220; text_orientation=&#8220;left&#8220; use_icon_font_size=&#8220;off&#8220; use_border_color=&#8220;off&#8220; border_color=&#8220;#ffffff&#8220; border_style=&#8220;solid&#8220;]<\/p>\n<p>Obernparz 4<br \/>\n4751 Dorf an der Pram<\/p>\n<p>[\/et_pb_blurb][\/et_pb_column][\/et_pb_row][et_pb_row admin_label=&#8220;Zeile&#8220; make_fullwidth=&#8220;off&#8220; use_custom_width=&#8220;off&#8220; width_unit=&#8220;on&#8220; use_custom_gutter=&#8220;off&#8220; padding_mobile=&#8220;off&#8220; allow_player_pause=&#8220;off&#8220; parallax=&#8220;off&#8220; parallax_method=&#8220;off&#8220; make_equal=&#8220;off&#8220; parallax_1=&#8220;off&#8220; parallax_method_1=&#8220;off&#8220; column_padding_mobile=&#8220;on&#8220; gutter_width=&#8220;1&#8243;][et_pb_column type=&#8220;4_4&#8243;][et_pb_text admin_label=&#8220;Text&#8220; background_layout=&#8220;light&#8220; text_orientation=&#8220;left&#8220; use_border_color=&#8220;off&#8220; border_color=&#8220;#ffffff&#8220; border_style=&#8220;solid&#8220;]<\/p>\n<p>Auf seinem Hof an der Gemeindegrenze zwischen Dorf an der Pram und Wendling hat der Landwirt Ernst Stelzhamer eine Sammlung alter Traktoren zusammengetragen.<\/p>\n<p>Aufbewahrt werden diese Unikate in eigens daf\u00fcr umgebauten, ehemaligen Scheunen und St\u00e4llen und sie werden immer in einem Top-Zustand erhalten, was auch sehr viele Besucher dieses tollen Museums mit Staunen und Bewunderung zum Ausdruck bringen. S\u00e4mtliche Modelle aus der Pionierzeit der Traktorherstellung sind fahrt\u00fcchtig.<\/p>\n<p>Im Laufe der Jahre wurden die \u201eAlten Schlepper\u201c immer mehr und wuchsen auf einen Stand von 25\u00a0auf 30 St\u00fcck an, wobei zur Zeit der \u00e4lteste Traktor ein Baujahr von 1924 und der j\u00fcngste eines von 1960 aufweist.<\/p>\n<p>[\/et_pb_text][\/et_pb_column][\/et_pb_row][et_pb_row admin_label=&#8220;row&#8220; make_fullwidth=&#8220;off&#8220; use_custom_width=&#8220;off&#8220; width_unit=&#8220;off&#8220; use_custom_gutter=&#8220;on&#8220; gutter_width=&#8220;2&#8243; padding_mobile=&#8220;off&#8220; allow_player_pause=&#8220;off&#8220; parallax=&#8220;off&#8220; parallax_method=&#8220;off&#8220; make_equal=&#8220;off&#8220; parallax_1=&#8220;off&#8220; parallax_method_1=&#8220;off&#8220; column_padding_mobile=&#8220;on&#8220; custom_width_px=&#8220;500px&#8220; custom_width_percent=&#8220;100%&#8220; custom_padding=&#8220;|||0px&#8220;][et_pb_column type=&#8220;4_4&#8243;][et_pb_gallery admin_label=&#8220;Galerie&#8220; gallery_ids=&#8220;578,3646,589,573,574,575,576,579,580,581,582,583,584,585,586,587,588,590,591,593,594,595,596,597,599,600,601,602&#8243; fullwidth=&#8220;off&#8220; posts_number=&#8220;60&#8243; show_title_and_caption=&#8220;off&#8220; show_pagination=&#8220;off&#8220; background_layout=&#8220;light&#8220; auto=&#8220;on&#8220; hover_overlay_color=&#8220;rgba(220,177,0,0.7)&#8220; caption_all_caps=&#8220;off&#8220; use_border_color=&#8220;off&#8220; border_color=&#8220;#ffffff&#8220; border_style=&#8220;solid&#8220; auto_speed=&#8220;6500&#8243;] [\/et_pb_gallery][\/et_pb_column][\/et_pb_row][\/et_pb_section]<\/p>\n","protected":false},"excerpt":{"rendered":"<p>Anna &amp; Ernst Stelzhamer +43\u00a077 64 76 84 +43 664 27 19 101 Obernparz 4 4751 Dorf an der Pram Auf seinem Hof an der Gemeindegrenze zwischen Dorf an der Pram und Wendling hat der Landwirt Ernst Stelzhamer eine Sammlung alter Traktoren zusammengetragen. Aufbewahrt werden diese Unikate in eigens daf\u00fcr umgebauten, ehemaligen Scheunen und St\u00e4llen [&hellip;]<\/p>\n","protected":false},"author":2,"featured_media":578,"parent":723,"menu_order":0,"comment_status":"closed","ping_status":"closed","template":"","meta":{"_et_pb_use_builder":"on","_et_pb_old_content":"","_et_gb_content_width":"","_mi_skip_tracking":false,"_monsterinsights_sitenote_active":false,"_monsterinsights_sitenote_note":"","_monsterinsights_sitenote_category":0,"footnotes":""},"_links":{"self":[{"href":"https:\/\/www.oldtimerclub-rottenbach.at\/wp\/index.php?rest_route=\/wp\/v2\/pages\/625"}],"collection":[{"href":"https:\/\/www.oldtimerclub-rottenbach.at\/wp\/index.php?rest_route=\/wp\/v2\/pages"}],"about":[{"href":"https:\/\/www.oldtimerclub-rottenbach.at\/wp\/index.php?rest_route=\/wp\/v2\/types\/page"}],"author":[{"embeddable":true,"href":"https:\/\/www.oldtimerclub-rottenbach.at\/wp\/index.php?rest_route=\/wp\/v2\/users\/2"}],"replies":[{"embeddable":true,"href":"https:\/\/www.oldtimerclub-rottenbach.at\/wp\/index.php?rest_route=%2Fwp%2Fv2%2Fcomments&post=625"}],"version-history":[{"count":24,"href":"https:\/\/www.oldtimerclub-rottenbach.at\/wp\/index.php?rest_route=\/wp\/v2\/pages\/625\/revisions"}],"predecessor-version":[{"id":3647,"href":"https:\/\/www.oldtimerclub-rottenbach.at\/wp\/index.php?rest_route=\/wp\/v2\/pages\/625\/revisions\/3647"}],"up":[{"embeddable":true,"href":"https:\/\/www.oldtimerclub-rottenbach.at\/wp\/index.php?rest_route=\/wp\/v2\/pages\/723"}],"wp:featuredmedia":[{"embeddable":true,"href":"https:\/\/www.oldtimerclub-rottenbach.at\/wp\/index.php?rest_route=\/wp\/v2\/media\/578"}],"wp:attachment":[{"href":"https:\/\/www.oldtimerclub-rottenbach.at\/wp\/index.php?rest_route=%2Fwp%2Fv2%2Fmedia&parent=625"}],"curies":[{"name":"wp","href":"https:\/\/api.w.org\/{rel}","templated":true}]}}